{"id":1353,"date":"2024-07-01T23:48:49","date_gmt":"2024-07-01T20:48:49","guid":{"rendered":"https:\/\/pylixmedia.com\/?page_id=1353"},"modified":"2024-07-01T23:49:05","modified_gmt":"2024-07-01T20:49:05","slug":"tanitim-filmi","status":"publish","type":"page","link":"https:\/\/pylixmedia.com\/index.php\/tanitim-filmi\/","title":{"rendered":"Tan\u0131t\u0131m Filmi"},"content":{"rendered":"\t\t<div data-elementor-type=\"wp-page\" data-elementor-id=\"1353\" class=\"elementor elementor-1353\">\n\t\t\t\t\t\t\t\t\t<section class=\"elementor-section elementor-top-section elementor-element elementor-element-4de4504 elementor-section-full_width elementor-section-height-default elementor-section-height-default\" data-id=\"4de4504\" data-element_type=\"section\">\n\t\t\t\t\t\t<div class=\"elementor-container elementor-column-gap-no\">\n\t\t\t\t\t<div class=\"elementor-column elementor-col-100 elementor-top-column elementor-element elementor-element-2aeefc7\" data-id=\"2aeefc7\" data-element_type=\"column\">\n\t\t\t<div class=\"elementor-widget-wrap elementor-element-populated\">\n\t\t\t\t\t\t\t\t<section class=\"elementor-section elementor-inner-section elementor-element elementor-element-bd0053b elementor-section-full_width elementor-section-height-default elementor-section-height-default\" data-id=\"bd0053b\" data-element_type=\"section\">\n\t\t\t\t\t\t<div class=\"elementor-container elementor-column-gap-no\">\n\t\t\t\t\t<div class=\"elementor-column elementor-col-100 elementor-inner-column elementor-element elementor-element-0ee7eb3 project-thumb\" data-id=\"0ee7eb3\" data-element_type=\"column\">\n\t\t\t<div class=\"elementor-widget-wrap elementor-element-populated\">\n\t\t\t\t\t\t\t\t<div class=\"elementor-element elementor-element-e30742a elementor-widget elementor-widget-image\" data-id=\"e30742a\" data-element_type=\"widget\" data-widget_type=\"image.default\">\n\t\t\t\t<div class=\"elementor-widget-container\">\n\t\t\t<style>\/*! elementor - v3.18.0 - 20-12-2023 *\/\n.elementor-widget-image{text-align:center}.elementor-widget-image a{display:inline-block}.elementor-widget-image a img[src$=\".svg\"]{width:48px}.elementor-widget-image img{vertical-align:middle;display:inline-block}<\/style>\t\t\t\t\t\t\t\t\t\t\t\t<img fetchpriority=\"high\" decoding=\"async\" width=\"1900\" height=\"991\" src=\"https:\/\/pylixmedia.com\/wp-content\/uploads\/2023\/07\/14-1.jpg\" class=\"attachment-full size-full wp-image-502\" alt=\"\" srcset=\"https:\/\/pylixmedia.com\/wp-content\/uploads\/2023\/07\/14-1.jpg 1900w, https:\/\/pylixmedia.com\/wp-content\/uploads\/2023\/07\/14-1-300x156.jpg 300w, https:\/\/pylixmedia.com\/wp-content\/uploads\/2023\/07\/14-1-1024x534.jpg 1024w, https:\/\/pylixmedia.com\/wp-content\/uploads\/2023\/07\/14-1-768x401.jpg 768w, https:\/\/pylixmedia.com\/wp-content\/uploads\/2023\/07\/14-1-1536x801.jpg 1536w\" sizes=\"(max-width: 1900px) 100vw, 1900px\" \/>\t\t\t\t\t\t\t\t\t\t\t\t\t\t\t<\/div>\n\t\t\t\t<\/div>\n\t\t\t\t\t<\/div>\n\t\t<\/div>\n\t\t\t\t\t\t\t<\/div>\n\t\t<\/section>\n\t\t\t\t\t<\/div>\n\t\t<\/div>\n\t\t\t\t\t\t\t<\/div>\n\t\t<\/section>\n\t\t\t\t<section class=\"elementor-section elementor-top-section elementor-element elementor-element-2daedae elementor-section-full_width project-details mt-40 elementor-section-height-default elementor-section-height-default\" data-id=\"2daedae\" data-element_type=\"section\">\n\t\t\t\t\t\t<div class=\"elementor-container elementor-column-gap-no\">\n\t\t\t\t\t<div class=\"elementor-column elementor-col-100 elementor-top-column elementor-element elementor-element-2d5830c\" data-id=\"2d5830c\" data-element_type=\"column\">\n\t\t\t<div class=\"elementor-widget-wrap elementor-element-populated\">\n\t\t\t\t\t\t\t\t<section class=\"elementor-section elementor-inner-section elementor-element elementor-element-ac51ab5 elementor-section-full_width elementor-section-height-default elementor-section-height-default\" data-id=\"ac51ab5\" data-element_type=\"section\">\n\t\t\t\t\t\t<div class=\"elementor-container elementor-column-gap-no\">\n\t\t\t\t\t<div class=\"elementor-column elementor-col-100 elementor-inner-column elementor-element elementor-element-5e33d5b\" data-id=\"5e33d5b\" data-element_type=\"column\">\n\t\t\t<div class=\"elementor-widget-wrap elementor-element-populated\">\n\t\t\t\t\t\t\t\t<div class=\"elementor-element elementor-element-bad7029 elementor-widget elementor-widget-text-editor\" data-id=\"bad7029\" data-element_type=\"widget\" data-widget_type=\"text-editor.default\">\n\t\t\t\t<div class=\"elementor-widget-container\">\n\t\t\t<style>\/*! elementor - v3.18.0 - 20-12-2023 *\/\n.elementor-widget-text-editor.elementor-drop-cap-view-stacked .elementor-drop-cap{background-color:#69727d;color:#fff}.elementor-widget-text-editor.elementor-drop-cap-view-framed .elementor-drop-cap{color:#69727d;border:3px solid;background-color:transparent}.elementor-widget-text-editor:not(.elementor-drop-cap-view-default) .elementor-drop-cap{margin-top:8px}.elementor-widget-text-editor:not(.elementor-drop-cap-view-default) .elementor-drop-cap-letter{width:1em;height:1em}.elementor-widget-text-editor .elementor-drop-cap{float:left;text-align:center;line-height:1;font-size:50px}.elementor-widget-text-editor .elementor-drop-cap-letter{display:inline-block}<\/style>\t\t\t\t<h1>Tan\u0131t\u0131m Filmi Hizmetleri<\/h1><p>Tan\u0131t\u0131m Filmleri ile Markan\u0131z\u0131 Etkili Bir \u015eekilde Tan\u0131t\u0131n<br \/>Tan\u0131t\u0131m filmleri, markan\u0131z\u0131n hikayesini anlatman\u0131n, \u00fcr\u00fcn ve hizmetlerinizi tan\u0131tman\u0131n ve hedef kitlenize ula\u015fman\u0131n en etkili yollar\u0131ndan biridir. Profesyonelce haz\u0131rlanan bir tan\u0131t\u0131m filmi, markan\u0131z\u0131n de\u011ferlerini ve vizyonunu en iyi \u015fekilde yans\u0131tacak, izleyicilerinizde g\u00fc\u00e7l\u00fc bir izlenim b\u0131rakacakt\u0131r. Reklam ajans\u0131m\u0131z olarak, markan\u0131z\u0131n ihtiya\u00e7lar\u0131na uygun, yarat\u0131c\u0131 ve etkileyici tan\u0131t\u0131m filmleri haz\u0131rl\u0131yoruz. Deneyimli ekibimiz ve son teknoloji ekipmanlar\u0131m\u0131zla, markan\u0131z\u0131 bir sonraki seviyeye ta\u015f\u0131yacak \u00e7\u00f6z\u00fcmler sunuyoruz.<\/p><h2>Tan\u0131t\u0131m Filmlerinin G\u00fcc\u00fc<\/h2><p>Tan\u0131t\u0131m filmleri, g\u00f6rsel ve i\u015fitsel \u00f6\u011feleri bir araya getirerek markan\u0131z\u0131n mesaj\u0131n\u0131 g\u00fc\u00e7l\u00fc bir \u015fekilde iletir. \u0130zleyicilerin duygular\u0131na hitap eder ve onlar\u0131 harekete ge\u00e7meye te\u015fvik eder. Profesyonel bir tan\u0131t\u0131m filmi, markan\u0131z\u0131n bilinirli\u011fini art\u0131r\u0131r, hedef kitlenizle olan ba\u011flar\u0131n\u0131z\u0131 g\u00fc\u00e7lendirir ve sat\u0131\u015flar\u0131n\u0131z\u0131 destekler. \u0130yi haz\u0131rlanm\u0131\u015f bir tan\u0131t\u0131m filmi, sosyal medya, web siteleri, fuarlar ve daha bir\u00e7ok platformda etkili bir \u015fekilde kullan\u0131labilir.<\/p><h2>Hedef Kitlenize Uygun \u00c7\u00f6z\u00fcmler<\/h2><p>Her marka farkl\u0131d\u0131r ve her markan\u0131n kendine \u00f6zg\u00fc bir hikayesi vard\u0131r. Biz, markan\u0131z\u0131n ihtiya\u00e7lar\u0131n\u0131 ve hedef kitlenizin beklentilerini g\u00f6z \u00f6n\u00fcnde bulundurarak size \u00f6zel \u00e7\u00f6z\u00fcmler sunuyoruz. Hedef kitlenizi analiz ediyor, onlar\u0131n ilgisini \u00e7ekecek ve beklentilerini kar\u015f\u0131layacak i\u00e7erikler \u00fcretiyoruz. B\u00f6ylece, tan\u0131t\u0131m filminizin izleyicilerinizde g\u00fc\u00e7l\u00fc bir etki b\u0131rakmas\u0131n\u0131 sa\u011fl\u0131yoruz.<\/p><h2>Kreatif ve Yarat\u0131c\u0131 Yakla\u015f\u0131mlar<\/h2><p>Tan\u0131t\u0131m filmleri, yarat\u0131c\u0131 ve yenilik\u00e7i yakla\u015f\u0131mlar gerektirir. Ekibimiz, her projeye \u00f6zg\u00fcn bir bak\u0131\u015f a\u00e7\u0131s\u0131yla yakla\u015farak, markan\u0131z\u0131n benzersizli\u011fini \u00f6n plana \u00e7\u0131karacak yarat\u0131c\u0131 \u00e7\u00f6z\u00fcmler sunar. Senaryo yaz\u0131m\u0131ndan \u00e7ekim a\u015famas\u0131na, kurgudan post prod\u00fcksiyona kadar her ad\u0131mda profesyonel ve yarat\u0131c\u0131 bir yakla\u015f\u0131m benimseyerek, izleyicilerinizin ilgisini \u00e7ekecek ve ak\u0131lda kalacak tan\u0131t\u0131m filmleri \u00fcretiyoruz.<\/p><h2>Profesyonel Ekip ve Ekipmanlar<\/h2><p>Reklam ajans\u0131m\u0131z, alan\u0131nda uzman ve deneyimli bir ekibe sahiptir. Y\u00f6netmenlerimiz, senaristlerimiz, kameramanlar\u0131m\u0131z ve kurgucular\u0131m\u0131z, her projede en y\u00fcksek kaliteyi sunmak i\u00e7in titizlikle \u00e7al\u0131\u015f\u0131r. Ayr\u0131ca, son teknoloji kameralar, \u0131\u015f\u0131kland\u0131rma ekipmanlar\u0131 ve kurgu yaz\u0131l\u0131mlar\u0131 kullanarak, tan\u0131t\u0131m filmlerinizin g\u00f6rsel ve i\u015fitsel kalitesini en \u00fcst d\u00fczeye \u00e7\u0131kar\u0131yoruz. Profesyonel ekip ve ekipmanlar\u0131m\u0131zla, her detay\u0131n m\u00fckemmel olmas\u0131n\u0131 sa\u011fl\u0131yoruz.<\/p><h2>Kurumsal Tan\u0131t\u0131m Filmleri<\/h2><p>Kurumsal tan\u0131t\u0131m filmleri, markan\u0131z\u0131n kimli\u011fini, de\u011ferlerini ve hedeflerini en iyi \u015fekilde yans\u0131t\u0131r. \u015eirketinizin tarih\u00e7esini, ba\u015far\u0131lar\u0131n\u0131 ve gelecek vizyonunu anlatan kurumsal tan\u0131t\u0131m filmleri ile i\u015f ortaklar\u0131n\u0131z ve m\u00fc\u015fterileriniz \u00fczerinde g\u00fc\u00e7l\u00fc bir izlenim b\u0131rakabilirsiniz. Profesyonel ekibimiz, \u015firketinizin hikayesini etkileyici bir \u015fekilde anlatacak senaryolar yazar ve y\u00fcksek kaliteli \u00e7ekimlerle bu hikayeyi hayata ge\u00e7irir.<\/p>\t\t\t\t\t\t<\/div>\n\t\t\t\t<\/div>\n\t\t<div class=\"elementor-element elementor-element-e0bbd20 e-con-full e-flex e-con e-parent\" data-id=\"e0bbd20\" data-element_type=\"container\" data-settings=\"{&quot;content_width&quot;:&quot;full&quot;}\" data-core-v316-plus=\"true\">\n\t\t<div class=\"elementor-element elementor-element-5472101 e-con-full e-flex e-con e-child\" data-id=\"5472101\" data-element_type=\"container\" data-settings=\"{&quot;content_width&quot;:&quot;full&quot;}\">\n\t\t\t\t<div class=\"elementor-element elementor-element-55ac99c elementor-widget elementor-widget-text-editor\" data-id=\"55ac99c\" data-element_type=\"widget\" data-widget_type=\"text-editor.default\">\n\t\t\t\t<div class=\"elementor-widget-container\">\n\t\t\t\t\t\t\t<h2>\u00dcr\u00fcn ve Hizmet Tan\u0131t\u0131m Filmleri<\/h2><p>\u00dcr\u00fcn ve hizmetlerinizi tan\u0131tman\u0131n en etkili yollar\u0131ndan biri, onlar\u0131n nas\u0131l \u00e7al\u0131\u015ft\u0131\u011f\u0131n\u0131 ve m\u00fc\u015fterilere nas\u0131l fayda sa\u011flad\u0131\u011f\u0131n\u0131 g\u00f6steren tan\u0131t\u0131m filmleridir. \u00dcr\u00fcn ve hizmet tan\u0131t\u0131m filmlerimiz, potansiyel m\u00fc\u015fterilerinizin dikkatini \u00e7ekecek ve onlar\u0131 sat\u0131n almaya te\u015fvik edecek \u015fekilde haz\u0131rlan\u0131r. Profesyonel \u00e7ekimler, etkileyici g\u00f6rsel efektler ve net anlat\u0131mlar ile \u00fcr\u00fcn ve hizmetlerinizi en iyi \u015fekilde tan\u0131t\u0131r\u0131z.<\/p><h2>Sosyal Medya ve Dijital Platformlar \u0130\u00e7in Tan\u0131t\u0131m Filmleri<\/h2><p>Sosyal medya ve dijital platformlar, geni\u015f bir kitleye ula\u015fman\u0131n en etkili yollar\u0131ndan biridir. Sosyal medya i\u00e7in \u00f6zel olarak haz\u0131rlanan k\u0131sa ve etkileyici tan\u0131t\u0131m filmleri ile markan\u0131z\u0131n dijital d\u00fcnyada dikkat \u00e7ekmesini sa\u011fl\u0131yoruz. Viral videolar, Instagram ve Facebook reklamlar\u0131, YouTube tan\u0131t\u0131m filmleri gibi \u00e7e\u015fitli formatlarda i\u00e7erikler \u00fcreterek, dijital stratejinizi g\u00fc\u00e7lendiriyoruz.<\/p>\t\t\t\t\t\t<\/div>\n\t\t\t\t<\/div>\n\t\t\t\t<\/div>\n\t\t<div class=\"elementor-element elementor-element-8283ff0 e-flex e-con-boxed e-con e-child\" data-id=\"8283ff0\" data-element_type=\"container\" data-settings=\"{&quot;content_width&quot;:&quot;boxed&quot;}\">\n\t\t\t\t\t<div class=\"e-con-inner\">\n\t\t\t\t<div class=\"elementor-element elementor-element-36c759c elementor-widget elementor-widget-image\" data-id=\"36c759c\" data-element_type=\"widget\" data-widget_type=\"image.default\">\n\t\t\t\t<div class=\"elementor-widget-container\">\n\t\t\t\t\t\t\t\t\t\t\t\t\t\t\t<img decoding=\"async\" width=\"751\" height=\"939\" src=\"https:\/\/pylixmedia.com\/wp-content\/uploads\/2023\/07\/v1.jpg\" class=\"attachment-large size-large wp-image-510\" alt=\"\" srcset=\"https:\/\/pylixmedia.com\/wp-content\/uploads\/2023\/07\/v1.jpg 800w, https:\/\/pylixmedia.com\/wp-content\/uploads\/2023\/07\/v1-240x300.jpg 240w, https:\/\/pylixmedia.com\/wp-content\/uploads\/2023\/07\/v1-768x960.jpg 768w\" sizes=\"(max-width: 751px) 100vw, 751px\" \/>\t\t\t\t\t\t\t\t\t\t\t\t\t\t\t<\/div>\n\t\t\t\t<\/div>\n\t\t\t\t<div class=\"elementor-element elementor-element-40e58fe elementor-widget elementor-widget-image\" data-id=\"40e58fe\" data-element_type=\"widget\" data-widget_type=\"image.default\">\n\t\t\t\t<div class=\"elementor-widget-container\">\n\t\t\t\t\t\t\t\t\t\t\t\t\t\t\t<img decoding=\"async\" width=\"751\" height=\"939\" src=\"https:\/\/pylixmedia.com\/wp-content\/uploads\/2023\/07\/v2-1.jpg\" class=\"attachment-large size-large wp-image-511\" alt=\"\" srcset=\"https:\/\/pylixmedia.com\/wp-content\/uploads\/2023\/07\/v2-1.jpg 800w, https:\/\/pylixmedia.com\/wp-content\/uploads\/2023\/07\/v2-1-240x300.jpg 240w, https:\/\/pylixmedia.com\/wp-content\/uploads\/2023\/07\/v2-1-768x960.jpg 768w\" sizes=\"(max-width: 751px) 100vw, 751px\" \/>\t\t\t\t\t\t\t\t\t\t\t\t\t\t\t<\/div>\n\t\t\t\t<\/div>\n\t\t\t\t\t<\/div>\n\t\t\t\t<\/div>\n\t\t\t\t<\/div>\n\t\t\t\t<div class=\"elementor-element elementor-element-bf5fb19 elementor-widget elementor-widget-text-editor\" data-id=\"bf5fb19\" data-element_type=\"widget\" data-widget_type=\"text-editor.default\">\n\t\t\t\t<div class=\"elementor-widget-container\">\n\t\t\t\t\t\t\t<p><h3>Neden Bizi Tercih Etmelisiniz?<\/h3>Reklam ajans\u0131m\u0131z, tan\u0131t\u0131m filmi hizmetlerinde deneyimli ve yetenekli bir ekibe sahiptir. Size \u00f6zel \u00e7\u00f6z\u00fcmler sunarak, markan\u0131z\u0131n hikayesini en etkili \u015fekilde anlat\u0131yor ve hedef kitlenizle g\u00fc\u00e7l\u00fc bir ba\u011f kurman\u0131z\u0131 sa\u011fl\u0131yoruz. Yarat\u0131c\u0131 ve profesyonel yakla\u015f\u0131mlar\u0131m\u0131zla, tan\u0131t\u0131m filmlerinizin kalitesini ve etkisini en \u00fcst d\u00fczeye \u00e7\u0131kar\u0131yoruz. Ayr\u0131ca, m\u00fc\u015fteri odakl\u0131 hizmet anlay\u0131\u015f\u0131m\u0131zla, projelerinizde en y\u00fcksek memnuniyeti garanti ediyoruz.<\/p>\n<p>Siz de tan\u0131t\u0131m filmi hizmetlerimizden yararlanmak ve markan\u0131z\u0131n g\u00fcc\u00fcn\u00fc art\u0131rmak i\u00e7in bizimle ileti\u015fime ge\u00e7in. Birlikte \u00e7al\u0131\u015farak, markan\u0131z\u0131 bir sonraki seviyeye ta\u015f\u0131yacak yarat\u0131c\u0131 ve etkileyici tan\u0131t\u0131m filmleri \u00fcretelim ve hedeflerinize ula\u015fman\u0131z\u0131 sa\u011flayal\u0131m.<\/p>\t\t\t\t\t\t<\/div>\n\t\t\t\t<\/div>\n\t\t\t\t<div class=\"elementor-element elementor-element-d6bcba5 elementor-widget elementor-widget-text-editor\" data-id=\"d6bcba5\" data-element_type=\"widget\" data-widget_type=\"text-editor.default\">\n\t\t\t\t<div class=\"elementor-widget-container\">\n\t\t\t\t\t\t\t<div class=\"row mt-50 mt-xs-30\">\n                                <div class=\"col-lg-6 col-md-6\">\n                                    <img decoding=\"async\" src=\"https:\/\/wordpress.validthemes.net\/avrix\/wp-content\/uploads\/2023\/07\/11-2.jpg\" alt=\"Thumb\">\n                                <\/div>\n                                <div class=\"col-lg-6 col-md-6 mt-xs-30\">\n                                    <img decoding=\"async\" src=\"https:\/\/wordpress.validthemes.net\/avrix\/wp-content\/uploads\/2023\/07\/12-1.jpg\" alt=\"Thumb\">\n                                <\/div>\n                            <\/div>\t\t\t\t\t\t<\/div>\n\t\t\t\t<\/div>\n\t\t\t\t\t<\/div>\n\t\t<\/div>\n\t\t\t\t\t\t\t<\/div>\n\t\t<\/section>\n\t\t\t\t\t<\/div>\n\t\t<\/div>\n\t\t\t\t\t\t\t<\/div>\n\t\t<\/section>\n\t\t\t\t\t\t\t<\/div>\n\t\t","protected":false},"excerpt":{"rendered":"<p>Tan\u0131t\u0131m Filmi Hizmetleri Tan\u0131t\u0131m Filmleri ile Markan\u0131z\u0131 Etkili Bir \u015eekilde Tan\u0131t\u0131nTan\u0131t\u0131m filmleri, markan\u0131z\u0131n hikayesini anlatman\u0131n, \u00fcr\u00fcn ve hizmetlerinizi tan\u0131tman\u0131n ve hedef kitlenize ula\u015fman\u0131n en etkili yollar\u0131ndan biridir. Profesyonelce haz\u0131rlanan bir tan\u0131t\u0131m filmi, markan\u0131z\u0131n de\u011ferlerini ve vizyonunu en iyi \u015fekilde yans\u0131tacak, izleyicilerinizde g\u00fc\u00e7l\u00fc bir izlenim b\u0131rakacakt\u0131r. Reklam ajans\u0131m\u0131z olarak, markan\u0131z\u0131n ihtiya\u00e7lar\u0131na uygun, yarat\u0131c\u0131 ve etkileyici tan\u0131t\u0131m&#8230;<\/p>\n","protected":false},"author":1,"featured_media":0,"parent":0,"menu_order":0,"comment_status":"closed","ping_status":"closed","template":"","meta":{"footnotes":""},"_links":{"self":[{"href":"https:\/\/pylixmedia.com\/index.php\/wp-json\/wp\/v2\/pages\/1353"}],"collection":[{"href":"https:\/\/pylixmedia.com\/index.php\/wp-json\/wp\/v2\/pages"}],"about":[{"href":"https:\/\/pylixmedia.com\/index.php\/wp-json\/wp\/v2\/types\/page"}],"author":[{"embeddable":true,"href":"https:\/\/pylixmedia.com\/index.php\/wp-json\/wp\/v2\/users\/1"}],"replies":[{"embeddable":true,"href":"https:\/\/pylixmedia.com\/index.php\/wp-json\/wp\/v2\/comments?post=1353"}],"version-history":[{"count":4,"href":"https:\/\/pylixmedia.com\/index.php\/wp-json\/wp\/v2\/pages\/1353\/revisions"}],"predecessor-version":[{"id":1357,"href":"https:\/\/pylixmedia.com\/index.php\/wp-json\/wp\/v2\/pages\/1353\/revisions\/1357"}],"wp:attachment":[{"href":"https:\/\/pylixmedia.com\/index.php\/wp-json\/wp\/v2\/media?parent=1353"}],"curies":[{"name":"wp","href":"https:\/\/api.w.org\/{rel}","templated":true}]}}